{"id":1412,"date":"2023-01-11T20:08:16","date_gmt":"2023-01-11T19:08:16","guid":{"rendered":"https:\/\/szaboesszalai.hu\/?page_id=1412"},"modified":"2023-04-24T16:27:55","modified_gmt":"2023-04-24T14:27:55","slug":"dr-peter-szalai","status":"publish","type":"page","link":"https:\/\/szaboesszalai.hu\/en\/lawyer\/dr-peter-szalai\/","title":{"rendered":"Dr. P\u00e9ter Szalai"},"content":{"rendered":"<div class=\"wpb-content-wrapper\"><p>[vc_section conditional_render=&#8221;%5B%7B%22value_role%22%3A%22administrator%22%7D%5D&#8221; el_class=&#8221;justify&#8221;][vc_row wrap_container=&#8221;yes&#8221; conditional_render=&#8221;%5B%7B%22value_role%22%3A%22administrator%22%7D%5D&#8221;][vc_column is_sticky=&#8221;yes&#8221; sticky_min_width=&#8221;992&#8243; sticky_top=&#8221;160&#8243; sticky_bottom=&#8221;0&#8243; el_class=&#8221;mb-4&#8243; conditional_render=&#8221;%5B%7B%22value_role%22%3A%22administrator%22%7D%5D&#8221; offset=&#8221;vc_col-md-3&#8243;][vc_single_image image=&#8221;738&#8243; img_size=&#8221;full&#8221; alignment=&#8221;center&#8221;]<a class=\"porto-sicon-box-link\" href=\"tel:+36305784488\"><div class=\"porto-sicon-box mb-2  wpb_custom_f82932f42eb9899a1340f1d0fa787386 style_1 default-icon\"><div class=\"porto-sicon-default\"><div class=\"porto-just-icon-wrapper porto-icon none\" style=\"font-size:20px;\"><i class=\"fas fa-phone\"><\/i><\/div><\/div><div class=\"porto-sicon-header\"><p>+36 30 578 4488<\/p><\/div> <!-- header --><\/div><!-- porto-sicon-box --><\/a><a class=\"porto-sicon-box-link\" href=\"mailto:peter.szalai@szaboesszalai.hu\"><div class=\"porto-sicon-box mb-2  wpb_custom_f82932f42eb9899a1340f1d0fa787386 style_1 default-icon\"><div class=\"porto-sicon-default\"><div class=\"porto-just-icon-wrapper porto-icon none\" style=\"font-size:20px;\"><i class=\"fas fa-envelope\"><\/i><\/div><\/div><div class=\"porto-sicon-header\"><p>peter.szalai@szaboesszalai.hu<\/p><\/div> <!-- header --><\/div><!-- porto-sicon-box --><\/a>[\/vc_column][vc_column offset=&#8221;vc_col-md-9&#8243; conditional_render=&#8221;%5B%7B%22value_role%22%3A%22administrator%22%7D%5D&#8221;]<div class=\"porto-u-heading mb-4  wpb_custom_135ed15dc2dd1a8993efb2eca5f9f5ea porto-u-7471 \"><div class=\"porto-u-main-heading\"><h2   style=\"margin-bottom: 30px;\">Dr. P\u00e9ter Szalai received his law degree from the Faculty of Law and Political Sciences of E\u00f6tv\u00f6s Lor\u00e1nd University.<\/h2><\/div><style>.porto-u-7471.porto-u-heading{text-align:left}<\/style><\/div>[vc_column_text]<span style=\"font-weight: 400;\">During the 2017\/2018 academic year, he studied with a scholarship at the Facolt\u00e1 di Giurisprudenza of the Universita degli Studi di Milano, mainly in contract law and company law, in English and Italian. As a result, he wrote his dissertation on a comparative analysis of a segment of Italian and Hungarian law.<\/span><\/p>\n<p><span style=\"font-weight: 400;\">During his studies in Hungary, he was a regular proactive participant and organizer of academic conferences at the Department of Criminal Procedure and Prison Law for several years.<\/span><\/p>\n<p><span style=\"font-weight: 400;\">As a student, Dr. P\u00e9ter Szalai gained professional experience in several renowned civil and commercial law firms, as well as at the Budapest-Capital Regional Court, where he was involved in criminal cases of major importance and high profile. His mentors were the leading criminal judges of the country.<\/span><\/p>\n<p><span style=\"font-weight: 400;\">He started his professional practice at one of the country&#8217;s leading housing development and investment groups, where he mainly worked in real estate and construction law. Given that, he acquired a high level of competence in the establishment and operation of condominiums and in the enforcement of private client rights, including, but not limited to, the defence of minority rights against condominium decisions and the review of sale and purchase agreements for new build properties with a particularly complex structure.<\/span><\/p>\n<p><span style=\"font-weight: 400;\">Dr. P\u00e9ter Szalai, attorney-at-law, has gained experience in several law firms in Budapest after working in the corporate sector. During his professional career he has focused on family law, including representation in divorce proceedings in court, mediation sessions, drafting of marital and cohabitant property contracts. Besides real estate law, family law and company law, Dr. P\u00e9ter Szalai, attorney-at-law, has also acquired considerable competence in civil litigation. He regularly represents plaintiffs, defendants and intervenors in court in damages cases and divorces, as well as in specific areas such as medical malpractice cases \u201csanctionable\u201d by grievance award.<\/span><\/p>\n<p><span style=\"font-weight: 400;\">Within the Law Firm, Dr. Szalai is also involved in contract law (real estate sales contracts, lease contracts, contractor agreements, contracts of agency, etc.), as well as in non-contentious proceedings, in particular in the proceedings for order for payment and enforcement proceedings.<\/span><\/p>\n<p><span style=\"font-weight: 400;\">He speaks English and Italian.<\/span><\/p>\n<p><span style=\"font-weight: 400;\">His areas of expertise include: family law, property law, non-contentious law, civil litigation (damages, medical malpractice), contract law, company law.<\/span>[\/vc_column_text][vc_single_image image=&#8221;1135&#8243; img_size=&#8221;full&#8221; alignment=&#8221;center&#8221;][\/vc_column][\/vc_row][\/vc_section]<\/p>\n<\/div>","protected":false},"excerpt":{"rendered":"<p>[vc_section conditional_render=&#8221;%5B%7B%22value_role%22%3A%22administrator%22%7D%5D&#8221; el_class=&#8221;justify&#8221;][vc_row wrap_container=&#8221;yes&#8221; conditional_render=&#8221;%5B%7B%22value_role%22%3A%22administrator%22%7D%5D&#8221;][vc_column is_sticky=&#8221;yes&#8221; sticky_min_width=&#8221;992&#8243; sticky_top=&#8221;160&#8243; sticky_bottom=&#8221;0&#8243; el_class=&#8221;mb-4&#8243; conditional_render=&#8221;%5B%7B%22value_role%22%3A%22administrator%22%7D%5D&#8221; offset=&#8221;vc_col-md-3&#8243;][vc_single_image image=&#8221;738&#8243; img_size=&#8221;full&#8221; alignment=&#8221;center&#8221;][\/vc_column][vc_column offset=&#8221;vc_col-md-9&#8243; conditional_render=&#8221;%5B%7B%22value_role%22%3A%22administrator%22%7D%5D&#8221;][vc_column_text]During the 2017\/2018 academic year, he studied with a scholarship at the Facolt\u00e1 di Giurisprudenza of the Universita degli Studi di Milano, mainly in contract law and company law, in English and Italian. As a result, he wrote his [&hellip;]<\/p>\n","protected":false},"author":1,"featured_media":0,"parent":1406,"menu_order":0,"comment_status":"closed","ping_status":"closed","template":"","meta":{"_acf_changed":false,"footnotes":""},"class_list":["post-1412","page","type-page","status-publish","hentry"],"acf":[],"_links":{"self":[{"href":"https:\/\/szaboesszalai.hu\/en\/wp-json\/wp\/v2\/pages\/1412","targetHints":{"allow":["GET"]}}],"collection":[{"href":"https:\/\/szaboesszalai.hu\/en\/wp-json\/wp\/v2\/pages"}],"about":[{"href":"https:\/\/szaboesszalai.hu\/en\/wp-json\/wp\/v2\/types\/page"}],"author":[{"embeddable":true,"href":"https:\/\/szaboesszalai.hu\/en\/wp-json\/wp\/v2\/users\/1"}],"replies":[{"embeddable":true,"href":"https:\/\/szaboesszalai.hu\/en\/wp-json\/wp\/v2\/comments?post=1412"}],"version-history":[{"count":3,"href":"https:\/\/szaboesszalai.hu\/en\/wp-json\/wp\/v2\/pages\/1412\/revisions"}],"predecessor-version":[{"id":1451,"href":"https:\/\/szaboesszalai.hu\/en\/wp-json\/wp\/v2\/pages\/1412\/revisions\/1451"}],"up":[{"embeddable":true,"href":"https:\/\/szaboesszalai.hu\/en\/wp-json\/wp\/v2\/pages\/1406"}],"wp:attachment":[{"href":"https:\/\/szaboesszalai.hu\/en\/wp-json\/wp\/v2\/media?parent=1412"}],"curies":[{"name":"wp","href":"https:\/\/api.w.org\/{rel}","templated":true}]}}