{"id":1408,"date":"2023-01-11T20:24:26","date_gmt":"2023-01-11T19:24:26","guid":{"rendered":"https:\/\/szaboesszalai.hu\/?page_id=1408"},"modified":"2024-09-09T16:16:18","modified_gmt":"2024-09-09T14:16:18","slug":"dr-zsolt-tibor-szabo","status":"publish","type":"page","link":"https:\/\/szaboesszalai.hu\/en\/lawyer\/dr-zsolt-tibor-szabo\/","title":{"rendered":"Dr. Zsolt Tibor Szab\u00f3"},"content":{"rendered":"<div class=\"wpb-content-wrapper\"><p>[vc_section conditional_render=&#8221;%5B%7B%22value_role%22%3A%22administrator%22%7D%5D&#8221; el_class=&#8221;justify&#8221;][vc_row wrap_container=&#8221;yes&#8221; conditional_render=&#8221;%5B%7B%22value_role%22%3A%22administrator%22%7D%5D&#8221;][vc_column is_sticky=&#8221;yes&#8221; sticky_min_width=&#8221;992&#8243; sticky_top=&#8221;160&#8243; sticky_bottom=&#8221;0&#8243; el_class=&#8221;mb-4&#8243; conditional_render=&#8221;%5B%7B%22value_role%22%3A%22administrator%22%7D%5D&#8221; offset=&#8221;vc_col-md-3&#8243;][vc_single_image image=&#8221;1787&#8243; img_size=&#8221;full&#8221; alignment=&#8221;center&#8221; css=&#8221;&#8221; label=&#8221;&#8221;]<a class=\"porto-sicon-box-link\" href=\"tel:+36308945280\"><div class=\"porto-sicon-box mb-2  wpb_custom_f82932f42eb9899a1340f1d0fa787386 style_1 default-icon\"><div class=\"porto-sicon-default\"><div class=\"porto-just-icon-wrapper porto-icon none\" style=\"font-size:20px;\"><i class=\"fas fa-phone\"><\/i><\/div><\/div><div class=\"porto-sicon-header\"><p>\u202d+36 30 894 5280\u202c<\/p><\/div> <!-- header --><\/div><!-- porto-sicon-box --><\/a><a class=\"porto-sicon-box-link\" href=\"mailto:zsolt.szabo@szaboesszalai.hu\"><div class=\"porto-sicon-box mb-2  wpb_custom_f82932f42eb9899a1340f1d0fa787386 style_1 default-icon\"><div class=\"porto-sicon-default\"><div class=\"porto-just-icon-wrapper porto-icon none\" style=\"font-size:20px;\"><i class=\"fas fa-envelope\"><\/i><\/div><\/div><div class=\"porto-sicon-header\"><p>zsolt.szabo@szaboesszalai.hu<\/p><\/div> <!-- header --><\/div><!-- porto-sicon-box --><\/a>[\/vc_column][vc_column offset=&#8221;vc_col-md-9&#8243; conditional_render=&#8221;%5B%7B%22value_role%22%3A%22administrator%22%7D%5D&#8221;]<div class=\"porto-u-heading mb-4  wpb_custom_135ed15dc2dd1a8993efb2eca5f9f5ea porto-u-5853 \"><div class=\"porto-u-main-heading\"><h2   style=\"margin-bottom: 30px;\">Dr. Zsolt Tibor Szab\u00f3, attorney-at-law, graduated from the Faculty of Law and Political Sciences of E\u00f6tv\u00f6s Lor\u00e1nd University as a scholarship holder. Prior to that, he graduated from the Faculty of Public Administration at the Corvinus University of Budapest and completed the Master of Laws in Economic Criminal Law at the De\u00e1k Ferenc Institute of Law and Political Sciences of the P\u00e1zm\u00e1ny P\u00e9ter Catholic University.<\/h2><\/div><style>.porto-u-5853.porto-u-heading{text-align:left}<\/style><\/div>[vc_column_text]<span style=\"font-weight: 400;\">After receiving his law degree, he was admitted to the Doctoral School of the Faculty of Law and Political Sciences of E\u00f6tv\u00f6s Lor\u00e1nd University, where he is currently pursuing his Ph.D. studies as a doctoral candidate with Ph.D. pre-degree certificate. He is expected to obtain his scientific degree in 2023. He is currently working on his doctoral thesis at the Department of Criminal Law, while at the same time he has been teaching criminal substantive law as an adjunct lecturer for more than three and a half years to full-time and part-time students. In addition to teaching, he also acts as a consultant for theses and coursework, and also takes part in the examinations for the relevant year groups.<\/span><\/p>\n<p><span style=\"font-weight: 400;\">His research interests include the dogmatics of official and economic corruption offences.<\/span><\/p>\n<p><span style=\"font-weight: 400;\">Dr. Zsolt Tibor Szab\u00f3&#8217;s professional experience was mainly gained in law firms with mixed practices, and in addition to general practice areas, he has also had the opportunity to work in the fields of public procurement law, competition law, administrative law and tax law.<\/span><\/p>\n<p><span style=\"font-weight: 400;\">He has acted in a number of civil litigation proceedings (damages, enforcement of claims related to obligations, claims for personality rights, actions for the termination or limitation of enforcement, etc.), has appeared in several large-scale liquidation proceedings as the representative of the creditor or debtor, has been involved in the execution of several real estate sales contracts, has acted as a defence counsel in criminal proceedings on a weekly basis, and has been involved in more complex corporate litigation.<\/span><\/p>\n<p><span style=\"font-weight: 400;\">As a trainee lawyer, he worked for the longest time with the law firm Gell\u00e9r and B\u00e1r\u00e1nyos, where he gained very thorough, wide-ranging and deep knowledge, professional experience, sharp and precise insight specifically in the field of criminal law from Prof. Dr. Bal\u00e1zs J\u00f3zsef Gell\u00e9r, Professor and Head of Department, attorney-at-law.<\/span><\/p>\n<p><span style=\"font-weight: 400;\">Thanks to his former principal and mentor, he was able to act in criminal cases of the highest importance and the greatest substantive weight in the country, including economic, budget-damaging and transport cases, by taking an active role on the side of the defendant or the aggrieved party.<\/span><\/p>\n<p><span style=\"font-weight: 400;\">As a defender and researcher, his skills and abilities acquired over more than ten years in the field of criminal law have given him a marked confidence and decisiveness in dealing with the authorities and the courts.<\/span><\/p>\n<p><span style=\"font-weight: 400;\">At Szab\u00f3 and Szalai Law Firm, he is also partly involved in civil litigation and non-contentious proceedings, such as debt collection and liquidation proceedings, but also in divorce proceedings, drafting of deeds, incorporation or change registration proceedings, as well as in representing plaintiffs or defendants.<\/span><\/p>\n<p><span style=\"font-weight: 400;\">In addition to traditional law practice, Dr. Zsolt Tibor Szab\u00f3 specialises in criminal law and infraction law.<\/span><\/p>\n<p><span style=\"font-weight: 400;\">Dr. Zsolt Tibor Szab\u00f3, attorney-at-law, has always kept in mind and followed the principle that the knowledge acquired in practice must be balanced with the objective, theoretical knowledge acquired in the course of the study of law. With this in mind, and with a view to making a strong impact, he decided at an early stage to make progress in the field of jurisprudence, which he would then be able to put to good use in the application of the law.<\/span><\/p>\n<p><span style=\"font-weight: 400;\">During his university studies, he twice won first place in the Budapest Criminal Law Moot Court Competition, and as a trainee lawyer he once reached the third and once the first podium in the moot court competitions organized by the Budapest Bar Association. He has also competed in national competitions representing the Faculty of Law of ELTE and the Budapest Bar Association.<\/span><\/p>\n<p><span style=\"font-weight: 400;\">At the XXXIII National Scientific Student Conference in Miskolc, his thesis was awarded a special prize in the Criminal Law Section, and then \u2013 working on the same topic \u2013 he won a 12-month scholarship within the framework of the New National Excellence Programme.<\/span><\/p>\n<p><span style=\"font-weight: 400;\">The competent Council of ELTE awarded him the Hajn\u00f3czy Prize for his achievements, making him one of the pride of the Faculty.<\/span><\/p>\n<p><span style=\"font-weight: 400;\">Dr. Zsolt Tibor Szab\u00f3 has presented at more than ten professional and academic conferences, and has published more than twenty academic papers in reputable Hungarian law journals on corruption offences (gratuity, passive trading in influence, active trading in influence, bribery regarding a public officer, corporate compliance, whistleblowing) and criminal procedural law (preparatory session, preparatory proceedings, confessions, plea agreement).<\/span><\/p>\n<p><span style=\"font-weight: 400;\">He was an external workshop member of the Criminal Law Workshop of the Bib\u00f3 Istv\u00e1n College, and he submitted several papers to the scientific competition of the Prosecutor General&#8217;s Office in memory of S\u00e1ndor Kozma.<\/span><\/p>\n<p><span style=\"font-weight: 400;\">In addition to the Head of the Department of Criminal Law, his career in jurisprudence is also assisted by Dr. hab. Istv\u00e1n Ambrus, Associate Professor, Head of the Department of Criminology at ELTE-\u00c1JK.<\/span><\/p>\n<p><span style=\"font-weight: 400;\">He passed his bar exams with excellent result.<\/span><\/p>\n<p><span style=\"font-weight: 400;\">He speaks English and Italian.<\/span>[\/vc_column_text][vc_btn title=&#8221;Dr. Szab\u00f3 Zsolt Tibor CV (.pdf)&#8221; shape=&#8221;rounded&#8221; skin=&#8221;secondary&#8221; animation_duration=&#8221;&#8221; animation_delay=&#8221;&#8221; link=&#8221;url:https%3A%2F%2Fszaboesszalai.hu%2Fwp-content%2Fuploads%2F2023%2F04%2Fdr-szabo-zsolt-tibor-cv-en.pdf|target:_blank&#8221; el_class=&#8221;btn-kszsz mb-5&#8243;][vc_single_image image=&#8221;1790&#8243; img_size=&#8221;full&#8221; alignment=&#8221;center&#8221; css=&#8221;&#8221; label=&#8221;&#8221;][\/vc_column][\/vc_row][\/vc_section]<\/p>\n<\/div>","protected":false},"excerpt":{"rendered":"<p>[vc_section conditional_render=&#8221;%5B%7B%22value_role%22%3A%22administrator%22%7D%5D&#8221; el_class=&#8221;justify&#8221;][vc_row wrap_container=&#8221;yes&#8221; conditional_render=&#8221;%5B%7B%22value_role%22%3A%22administrator%22%7D%5D&#8221;][vc_column is_sticky=&#8221;yes&#8221; sticky_min_width=&#8221;992&#8243; sticky_top=&#8221;160&#8243; sticky_bottom=&#8221;0&#8243; el_class=&#8221;mb-4&#8243; conditional_render=&#8221;%5B%7B%22value_role%22%3A%22administrator%22%7D%5D&#8221; offset=&#8221;vc_col-md-3&#8243;][vc_single_image image=&#8221;1787&#8243; img_size=&#8221;full&#8221; alignment=&#8221;center&#8221; css=&#8221;&#8221; label=&#8221;&#8221;][\/vc_column][vc_column offset=&#8221;vc_col-md-9&#8243; conditional_render=&#8221;%5B%7B%22value_role%22%3A%22administrator%22%7D%5D&#8221;][vc_column_text]After receiving his law degree, he was admitted to the Doctoral School of the Faculty of Law and Political Sciences of E\u00f6tv\u00f6s Lor\u00e1nd University, where he is currently pursuing his Ph.D. studies as a doctoral candidate with [&hellip;]<\/p>\n","protected":false},"author":1,"featured_media":0,"parent":1406,"menu_order":0,"comment_status":"closed","ping_status":"closed","template":"","meta":{"_acf_changed":false,"footnotes":""},"class_list":["post-1408","page","type-page","status-publish","hentry"],"acf":[],"_links":{"self":[{"href":"https:\/\/szaboesszalai.hu\/en\/wp-json\/wp\/v2\/pages\/1408","targetHints":{"allow":["GET"]}}],"collection":[{"href":"https:\/\/szaboesszalai.hu\/en\/wp-json\/wp\/v2\/pages"}],"about":[{"href":"https:\/\/szaboesszalai.hu\/en\/wp-json\/wp\/v2\/types\/page"}],"author":[{"embeddable":true,"href":"https:\/\/szaboesszalai.hu\/en\/wp-json\/wp\/v2\/users\/1"}],"replies":[{"embeddable":true,"href":"https:\/\/szaboesszalai.hu\/en\/wp-json\/wp\/v2\/comments?post=1408"}],"version-history":[{"count":6,"href":"https:\/\/szaboesszalai.hu\/en\/wp-json\/wp\/v2\/pages\/1408\/revisions"}],"predecessor-version":[{"id":1819,"href":"https:\/\/szaboesszalai.hu\/en\/wp-json\/wp\/v2\/pages\/1408\/revisions\/1819"}],"up":[{"embeddable":true,"href":"https:\/\/szaboesszalai.hu\/en\/wp-json\/wp\/v2\/pages\/1406"}],"wp:attachment":[{"href":"https:\/\/szaboesszalai.hu\/en\/wp-json\/wp\/v2\/media?parent=1408"}],"curies":[{"name":"wp","href":"https:\/\/api.w.org\/{rel}","templated":true}]}}