{"id":1365,"date":"2023-01-10T21:05:56","date_gmt":"2023-01-10T20:05:56","guid":{"rendered":"https:\/\/szaboesszalai.hu\/?page_id=1365"},"modified":"2023-04-22T17:28:17","modified_gmt":"2023-04-22T15:28:17","slug":"labour-law","status":"publish","type":"page","link":"https:\/\/szaboesszalai.hu\/en\/our-specializations\/labour-law\/","title":{"rendered":"Labour law"},"content":{"rendered":"<div class=\"wpb-content-wrapper\"><p>[vc_section conditional_render=&#8221;%5B%7B%22value_role%22%3A%22administrator%22%7D%5D&#8221; el_class=&#8221;justify&#8221;][vc_row wrap_container=&#8221;yes&#8221; conditional_render=&#8221;%5B%7B%22value_role%22%3A%22administrator%22%7D%5D&#8221;][vc_column el_class=&#8221;mb-0&#8243; conditional_render=&#8221;%5B%7B%22value_role%22%3A%22administrator%22%7D%5D&#8221; offset=&#8221;vc_col-lg-9&#8243;]<div class=\"porto-sicon-box  wpb_custom_4bb1d9e1f086d0fb4039b603961c547a style_1 top-icon\"><div class=\"porto-sicon-header\"><h2 class=\"porto-sicon-title\" style=\"\">The Law Firm Szab\u00f3 and Szalai provides employment law advice to employers and employees alike. We represent our Clients all through the drafting, conclusion and review of employment contracts and other related documents to the termination of the employment relationship (ordinary termination, termination during probationary period, termination with immediate effect).<\/h2><\/div> <!-- header --><\/div><!-- porto-sicon-box -->[vc_column_text]<span style=\"font-weight: 400;\">During the drafting and review of documents, and during the creation of the labour law framework in a precise, systematically interdependent, complementary manner that is optimal for all parties, <\/span><b>we place particular emphasis on ensuring that no unexpected labour law problems arise for either party later, as there is no successful business without an efficient organisational and operational structure.<\/b>[\/vc_column_text][vc_single_image image=&#8221;1120&#8243; img_size=&#8221;full&#8221; alignment=&#8221;center&#8221;][vc_custom_heading text=&#8221;Our advice and legal opinions on a specific employment law issue cover all areas of employment law, whether it concerns wrongful termination of employment, employment liability (workplace accident, industrial accident), breach of a trade secret, non-competition agreement, study contract, organisational and operational rules, health and safety rules, simplified employment, wages, or even employment-related infringements on personality rights.&#8221; font_container=&#8221;tag:h3|text_align:left&#8221; use_theme_fonts=&#8221;yes&#8221; font_weight=&#8221;700&#8243; animation_duration=&#8221;&#8221; animation_delay=&#8221;&#8221; el_class=&#8221;pb-2 mb-4&#8243;][vc_column_text]The Law Firm contributes to the amicable and out-of-court settlement of employment disputes in order to maintain the legal relationship, but of course we also represent our Clients in court.<\/p>\n<p>We have special expertise in conducting full employment law audits (due diligence), as well as in setting up and managing corporate compliance systems. We also act as whistleblower lawyers for the protection of whistleblowers for persons who are employed by or who have other legal relationship with the company.[\/vc_column_text][vc_custom_heading text=&#8221;We also assist our Clients in the drafting of privacy notices and in the area of GDPR with the involvement of a competent attorney.&#8221; font_container=&#8221;tag:h3|text_align:left&#8221; use_theme_fonts=&#8221;yes&#8221; font_weight=&#8221;700&#8243; animation_duration=&#8221;&#8221; animation_delay=&#8221;&#8221; el_class=&#8221;pb-2 mb-4&#8243;][vc_single_image image=&#8221;1119&#8243; img_size=&#8221;full&#8221; alignment=&#8221;center&#8221;]<div class=\"porto-ultimate-content-box-container custom-box custom-box-shadow mb-5 br-primary d-none\"><div class=\"porto-ultimate-content-box vc_custom_1682174085299\" style=\"\" id=\"porto_ucb_1157\">[vc_custom_heading text=&#8221;Amennyiben \u00dcgyfeleinknek a tipikus jogviszonyokon t\u00fal tov\u00e1bbi specifikus, \u00fagynevezett atipikus munkajogi jogviszonnyal kapcsolatos k\u00e9pviseletre van sz\u00fcks\u00e9ge, \u00fagy az al\u00e1bbi ter\u00fcleteken is megfelel\u0151 szak\u00e9rtelemmel j\u00e1runk el:&#8221; font_container=&#8221;tag:h3|text_align:left&#8221; use_theme_fonts=&#8221;yes&#8221; font_weight=&#8221;700&#8243; skin=&#8221;primary&#8221; animation_duration=&#8221;&#8221; animation_delay=&#8221;&#8221; el_class=&#8221;pb-2 mb-4&#8243;]<div class=\"porto-sicon-box custom-list  wpb_custom_1efe903570d178ff0a9b7bfa5febd3a4 style_1 left-icon\"><div class=\"porto-sicon-left\"><div id=\"porto-icon-206181278869e0105a17f0c\" class=\"porto-just-icon-wrapper porto-sicon-img\" style=\"\"><img decoding=\"async\" class=\"img-icon\" alt=\"\" src=\"https:\/\/szaboesszalai.hu\/wp-content\/uploads\/2023\/01\/list-icon.svg\" width=\"0\" height=\"0\" title=\"\"><\/div><\/div><div class=\"porto-sicon-body\"><div class=\"porto-sicon-header\"><p>hat\u00e1rozott idej\u0171 jogviszony,<\/p><\/div> <!-- header --><\/div><\/div><!-- porto-sicon-box --><div class=\"porto-sicon-box custom-list  wpb_custom_1efe903570d178ff0a9b7bfa5febd3a4 style_1 left-icon\"><div class=\"porto-sicon-left\"><div id=\"porto-icon-142514166469e0105a182fc\" class=\"porto-just-icon-wrapper porto-sicon-img\" style=\"\"><img decoding=\"async\" class=\"img-icon\" alt=\"\" src=\"https:\/\/szaboesszalai.hu\/wp-content\/uploads\/2023\/01\/list-icon.svg\" width=\"0\" height=\"0\" title=\"\"><\/div><\/div><div class=\"porto-sicon-body\"><div class=\"porto-sicon-header\"><p>r\u00e9szmunkaid\u0151,<\/p><\/div> <!-- header --><\/div><\/div><!-- porto-sicon-box --><div class=\"porto-sicon-box custom-list  wpb_custom_1efe903570d178ff0a9b7bfa5febd3a4 style_1 left-icon\"><div class=\"porto-sicon-left\"><div id=\"porto-icon-194543883269e0105a186d6\" class=\"porto-just-icon-wrapper porto-sicon-img\" style=\"\"><img decoding=\"async\" class=\"img-icon\" alt=\"\" src=\"https:\/\/szaboesszalai.hu\/wp-content\/uploads\/2023\/01\/list-icon.svg\" width=\"0\" height=\"0\" title=\"\"><\/div><\/div><div class=\"porto-sicon-body\"><div class=\"porto-sicon-header\"><p>egyszer\u0171s\u00edtett foglalkoztat\u00e1s,<\/p><\/div> <!-- header --><\/div><\/div><!-- porto-sicon-box --><div class=\"porto-sicon-box custom-list  wpb_custom_1efe903570d178ff0a9b7bfa5febd3a4 style_1 left-icon\"><div class=\"porto-sicon-left\"><div id=\"porto-icon-92386182969e0105a18aa7\" class=\"porto-just-icon-wrapper porto-sicon-img\" style=\"\"><img decoding=\"async\" class=\"img-icon\" alt=\"\" src=\"https:\/\/szaboesszalai.hu\/wp-content\/uploads\/2023\/01\/list-icon.svg\" width=\"0\" height=\"0\" title=\"\"><\/div><\/div><div class=\"porto-sicon-body\"><div class=\"porto-sicon-header\"><p>beh\u00edv\u00e1sos munkav\u00e9gz\u00e9s,<\/p><\/div> <!-- header --><\/div><\/div><!-- porto-sicon-box --><div class=\"porto-sicon-box custom-list  wpb_custom_1efe903570d178ff0a9b7bfa5febd3a4 style_1 left-icon\"><div class=\"porto-sicon-left\"><div id=\"porto-icon-1587777869e0105a18e71\" class=\"porto-just-icon-wrapper porto-sicon-img\" style=\"\"><img decoding=\"async\" class=\"img-icon\" alt=\"\" src=\"https:\/\/szaboesszalai.hu\/wp-content\/uploads\/2023\/01\/list-icon.svg\" width=\"0\" height=\"0\" title=\"\"><\/div><\/div><div class=\"porto-sicon-body\"><div class=\"porto-sicon-header\"><p>munkak\u00f6r megoszt\u00e1s,<\/p><\/div> <!-- header --><\/div><\/div><!-- porto-sicon-box --><div class=\"porto-sicon-box custom-list  wpb_custom_1efe903570d178ff0a9b7bfa5febd3a4 style_1 left-icon\"><div class=\"porto-sicon-left\"><div id=\"porto-icon-146787413169e0105a19232\" class=\"porto-just-icon-wrapper porto-sicon-img\" style=\"\"><img decoding=\"async\" class=\"img-icon\" alt=\"\" src=\"https:\/\/szaboesszalai.hu\/wp-content\/uploads\/2023\/01\/list-icon.svg\" width=\"0\" height=\"0\" title=\"\"><\/div><\/div><div class=\"porto-sicon-body\"><div class=\"porto-sicon-header\"><p>munkaer\u0151-k\u00f6lcs\u00f6nz\u00e9s,<\/p><\/div> <!-- header --><\/div><\/div><!-- porto-sicon-box --><div class=\"porto-sicon-box custom-list  wpb_custom_1efe903570d178ff0a9b7bfa5febd3a4 style_1 left-icon\"><div class=\"porto-sicon-left\"><div id=\"porto-icon-76485828469e0105a195fd\" class=\"porto-just-icon-wrapper porto-sicon-img\" style=\"\"><img decoding=\"async\" class=\"img-icon\" alt=\"\" src=\"https:\/\/szaboesszalai.hu\/wp-content\/uploads\/2023\/01\/list-icon.svg\" width=\"0\" height=\"0\" title=\"\"><\/div><\/div><div class=\"porto-sicon-body\"><div class=\"porto-sicon-header\"><p>iskolasz\u00f6vetkezeti munkaviszony,<\/p><\/div> <!-- header --><\/div><\/div><!-- porto-sicon-box --><div class=\"porto-sicon-box custom-list  wpb_custom_1efe903570d178ff0a9b7bfa5febd3a4 style_1 left-icon\"><div class=\"porto-sicon-left\"><div id=\"porto-icon-43034565269e0105a199e6\" class=\"porto-just-icon-wrapper porto-sicon-img\" style=\"\"><img decoding=\"async\" class=\"img-icon\" alt=\"\" src=\"https:\/\/szaboesszalai.hu\/wp-content\/uploads\/2023\/01\/list-icon.svg\" width=\"0\" height=\"0\" title=\"\"><\/div><\/div><div class=\"porto-sicon-body\"><div class=\"porto-sicon-header\"><p>munkaviszony t\u00f6bb munk\u00e1ltat\u00f3val,<\/p><\/div> <!-- header --><\/div><\/div><!-- porto-sicon-box --><div class=\"porto-sicon-box custom-list  wpb_custom_1efe903570d178ff0a9b7bfa5febd3a4 style_1 left-icon\"><div class=\"porto-sicon-left\"><div id=\"porto-icon-176891003269e0105a19de2\" class=\"porto-just-icon-wrapper porto-sicon-img\" style=\"\"><img decoding=\"async\" class=\"img-icon\" alt=\"\" src=\"https:\/\/szaboesszalai.hu\/wp-content\/uploads\/2023\/01\/list-icon.svg\" width=\"0\" height=\"0\" title=\"\"><\/div><\/div><div class=\"porto-sicon-body\"><div class=\"porto-sicon-header\"><p>t\u00e1vmunka,<\/p><\/div> <!-- header --><\/div><\/div><!-- porto-sicon-box --><div class=\"porto-sicon-box custom-list  wpb_custom_1efe903570d178ff0a9b7bfa5febd3a4 style_1 left-icon\"><div class=\"porto-sicon-left\"><div id=\"porto-icon-202159756169e0105a1a1f3\" class=\"porto-just-icon-wrapper porto-sicon-img\" style=\"\"><img decoding=\"async\" class=\"img-icon\" alt=\"\" src=\"https:\/\/szaboesszalai.hu\/wp-content\/uploads\/2023\/01\/list-icon.svg\" width=\"0\" height=\"0\" title=\"\"><\/div><\/div><div class=\"porto-sicon-body\"><div class=\"porto-sicon-header\"><p>bedolgoz\u00e1s.<\/p><\/div> <!-- header --><\/div><\/div><!-- porto-sicon-box --><\/div><\/div>[\/vc_column][vc_column section_skin=&#8221;light&#8221; is_sticky=&#8221;yes&#8221; sticky_min_width=&#8221;1224&#8243; sticky_top=&#8221;160&#8243; sticky_bottom=&#8221;0&#8243; el_class=&#8221;mt-5&#8243; conditional_render=&#8221;%5B%7B%22value_role%22%3A%22administrator%22%7D%5D&#8221; offset=&#8221;vc_col-lg-3&#8243;][vc_custom_heading text=&#8221;Our specializations&#8221; font_container=&#8221;tag:p|font_size:17px|text_align:center|line_height:21px&#8221; use_theme_fonts=&#8221;yes&#8221; text_transform=&#8221;text-uppercase&#8221; font_weight=&#8221;700&#8243; skin=&#8221;primary&#8221; letter_spacing=&#8221;1.5px&#8221; animation_duration=&#8221;&#8221; animation_delay=&#8221;&#8221; el_class=&#8221;custom-font1 mb-3&#8243;][vc_wp_custommenu nav_menu=&#8221;34&#8243; el_class=&#8221;szakterulet-widget-menu&#8221;][\/vc_column][\/vc_row][\/vc_section]<\/p>\n<\/div>","protected":false},"excerpt":{"rendered":"<p>[vc_section conditional_render=&#8221;%5B%7B%22value_role%22%3A%22administrator%22%7D%5D&#8221; el_class=&#8221;justify&#8221;][vc_row wrap_container=&#8221;yes&#8221; conditional_render=&#8221;%5B%7B%22value_role%22%3A%22administrator%22%7D%5D&#8221;][vc_column el_class=&#8221;mb-0&#8243; conditional_render=&#8221;%5B%7B%22value_role%22%3A%22administrator%22%7D%5D&#8221; offset=&#8221;vc_col-lg-9&#8243;][vc_column_text]During the drafting and review of documents, and during the creation of the labour law framework in a precise, systematically interdependent, complementary manner that is optimal for all parties, we place particular emphasis on ensuring that no unexpected labour law problems arise for either party later, as there [&hellip;]<\/p>\n","protected":false},"author":1,"featured_media":0,"parent":1388,"menu_order":0,"comment_status":"closed","ping_status":"closed","template":"","meta":{"_acf_changed":false,"footnotes":""},"class_list":["post-1365","page","type-page","status-publish","hentry"],"acf":[],"_links":{"self":[{"href":"https:\/\/szaboesszalai.hu\/en\/wp-json\/wp\/v2\/pages\/1365","targetHints":{"allow":["GET"]}}],"collection":[{"href":"https:\/\/szaboesszalai.hu\/en\/wp-json\/wp\/v2\/pages"}],"about":[{"href":"https:\/\/szaboesszalai.hu\/en\/wp-json\/wp\/v2\/types\/page"}],"author":[{"embeddable":true,"href":"https:\/\/szaboesszalai.hu\/en\/wp-json\/wp\/v2\/users\/1"}],"replies":[{"embeddable":true,"href":"https:\/\/szaboesszalai.hu\/en\/wp-json\/wp\/v2\/comments?post=1365"}],"version-history":[{"count":2,"href":"https:\/\/szaboesszalai.hu\/en\/wp-json\/wp\/v2\/pages\/1365\/revisions"}],"predecessor-version":[{"id":1367,"href":"https:\/\/szaboesszalai.hu\/en\/wp-json\/wp\/v2\/pages\/1365\/revisions\/1367"}],"up":[{"embeddable":true,"href":"https:\/\/szaboesszalai.hu\/en\/wp-json\/wp\/v2\/pages\/1388"}],"wp:attachment":[{"href":"https:\/\/szaboesszalai.hu\/en\/wp-json\/wp\/v2\/media?parent=1365"}],"curies":[{"name":"wp","href":"https:\/\/api.w.org\/{rel}","templated":true}]}}