{"id":1362,"date":"2023-01-10T21:16:39","date_gmt":"2023-01-10T20:16:39","guid":{"rendered":"https:\/\/szaboesszalai.hu\/?page_id=1362"},"modified":"2023-04-22T17:27:50","modified_gmt":"2023-04-22T15:27:50","slug":"company-law","status":"publish","type":"page","link":"https:\/\/szaboesszalai.hu\/en\/our-specializations\/company-law\/","title":{"rendered":"Company law"},"content":{"rendered":"<div class=\"wpb-content-wrapper\"><p>[vc_section conditional_render=&#8221;%5B%7B%22value_role%22%3A%22administrator%22%7D%5D&#8221; el_class=&#8221;justify&#8221;][vc_row wrap_container=&#8221;yes&#8221; conditional_render=&#8221;%5B%7B%22value_role%22%3A%22administrator%22%7D%5D&#8221;][vc_column el_class=&#8221;mb-0&#8243; conditional_render=&#8221;%5B%7B%22value_role%22%3A%22administrator%22%7D%5D&#8221; offset=&#8221;vc_col-lg-9&#8243;]<div class=\"porto-sicon-box  wpb_custom_4bb1d9e1f086d0fb4039b603961c547a style_1 top-icon\"><div class=\"porto-sicon-header\"><h2 class=\"porto-sicon-title\" style=\"\">The Law Firm Szab\u00f3 and Szalai provides efficient and prompt solutions to its Clients in corporate, transactional, money and capital markets cases and competition law matters.<\/h2><\/div> <!-- header --><\/div><!-- porto-sicon-box -->[vc_custom_heading text=&#8221;The Law Firm has outstanding experience in classic corporate law (drafting of general terms and conditions, mergers, syndicate agreements, share purchase agreements, internal regulations, drafting of legal and financial cooperation agreements with partners, including tax advice), corporate governance, compliance, due diligence, full range of corporate procedures (incorporation, registration of changes, capital increases, capital decreases, transformations, winding up), but also transfer pricing policies.&#8221; font_container=&#8221;tag:h3|text_align:left&#8221; use_theme_fonts=&#8221;yes&#8221; font_weight=&#8221;700&#8243; animation_duration=&#8221;&#8221; animation_delay=&#8221;&#8221; el_class=&#8221;pb-2 mb-4&#8243;][vc_single_image image=&#8221;1110&#8243; img_size=&#8221;full&#8221; alignment=&#8221;center&#8221;][vc_column_text]<span style=\"font-weight: 400;\">We provide legal support to public and private limited companies and other business entities and their members in <\/span><b>drafting and reviewing company law and corporate documents in accordance with the<\/b> <b>legal environment and the business interests of the members. We also represent our Clients in proceedings related to the incorporation and operation of companies, including proceedings before the authorities (tax authorities, company courts, the Hungarian Competition Authority), and provide financial and tax support for start-ups.<\/b><\/p>\n<p><span style=\"font-weight: 400;\">The Law Firm regularly represents Clients in company law disputes. <\/span><b>Our litigation experience includes disputes and lawsuits between members, between members and the company, and in relation to the exclusion of members, the enforcement of liability for damages against the managing director, the enforcement of creditors&#8217; claims against a limited liability member, and representation in actions for the declaration of the invalidity of the instrument of incorporation.<\/b>[\/vc_column_text][vc_single_image image=&#8221;1111&#8243; img_size=&#8221;full&#8221; alignment=&#8221;center&#8221;][vc_custom_heading text=&#8221;As a consultant, the Law Firm is competent in providing legal due diligence, compliance services to financial institutions, groups of companies (foreign and domestic parent and subsidiary), providing financial and tax advice, revision of existing company and corporate documents, and, if necessary, bringing them into compliance with Hungarian law for foreign founders. &#8221; font_container=&#8221;tag:h3|text_align:left&#8221; use_theme_fonts=&#8221;yes&#8221; font_weight=&#8221;700&#8243; animation_duration=&#8221;&#8221; animation_delay=&#8221;&#8221; el_class=&#8221;pb-2 mb-4&#8243;][vc_column_text]<span style=\"font-weight: 400;\">In M&amp;A transactions, we provide legal assistance from the initial enquiry through negotiations to due diligence and data room organisation.<\/span><\/p>\n<p><span style=\"font-weight: 400;\">The legal representation of companies can be carried out on an individual basis, either on a case-by-case basis or on a permanent basis for flat-rate fee. In each case, we contract for a structure that is most advantageous for our Clients.<\/span><\/p>\n<p><b>The Law Firm has experience in the IT, media, music industry, and in the area of financial institutions and businesses, construction and manufacturing.<\/b>[\/vc_column_text]<div class=\"porto-ultimate-content-box-container custom-box custom-box-shadow mb-5 br-primary d-none\"><div class=\"porto-ultimate-content-box vc_custom_1682173840437\" style=\"\" id=\"porto_ucb_5220\">[vc_custom_heading text=&#8221;Leggyakoribb t\u00e1rsas\u00e1gi jogi tev\u00e9kenys\u00e9gi k\u00f6rbe tartoznak az al\u00e1bbi elj\u00e1r\u00e1sok, valamint feladatok:&#8221; font_container=&#8221;tag:h3|text_align:left&#8221; use_theme_fonts=&#8221;yes&#8221; font_weight=&#8221;700&#8243; skin=&#8221;primary&#8221; animation_duration=&#8221;&#8221; animation_delay=&#8221;&#8221; el_class=&#8221;pb-2 mb-4&#8243;]<div class=\"porto-sicon-box custom-list  wpb_custom_1efe903570d178ff0a9b7bfa5febd3a4 style_1 left-icon\"><div class=\"porto-sicon-left\"><div id=\"porto-icon-117956546269f571afce48a\" class=\"porto-just-icon-wrapper porto-sicon-img\" style=\"\"><img decoding=\"async\" class=\"img-icon\" alt=\"\" src=\"https:\/\/szaboesszalai.hu\/wp-content\/uploads\/2023\/01\/list-icon.svg\" width=\"0\" height=\"0\" title=\"\"><\/div><\/div><div class=\"porto-sicon-body\"><div class=\"porto-sicon-header\"><p>t\u00e1rsas\u00e1gok alap\u00edt\u00e1sa, megsz\u00fcntet\u00e9se,<\/p><\/div> <!-- header --><\/div><\/div><!-- porto-sicon-box --><div class=\"porto-sicon-box custom-list  wpb_custom_1efe903570d178ff0a9b7bfa5febd3a4 style_1 left-icon\"><div class=\"porto-sicon-left\"><div id=\"porto-icon-26264404669f571afce949\" class=\"porto-just-icon-wrapper porto-sicon-img\" style=\"\"><img decoding=\"async\" class=\"img-icon\" alt=\"\" src=\"https:\/\/szaboesszalai.hu\/wp-content\/uploads\/2023\/01\/list-icon.svg\" width=\"0\" height=\"0\" title=\"\"><\/div><\/div><div class=\"porto-sicon-body\"><div class=\"porto-sicon-header\"><p>l\u00e9tes\u00edt\u0151 okirat m\u00f3dos\u00edt\u00e1s, hat\u00e1lyos\u00edt\u00e1sa v\u00e1ltoz\u00e1sbejegyz\u00e9s keret\u00e9ben,<\/p><\/div> <!-- header --><\/div><\/div><!-- porto-sicon-box --><div class=\"porto-sicon-box custom-list  wpb_custom_1efe903570d178ff0a9b7bfa5febd3a4 style_1 left-icon\"><div class=\"porto-sicon-left\"><div id=\"porto-icon-135833917769f571afced4e\" class=\"porto-just-icon-wrapper porto-sicon-img\" style=\"\"><img decoding=\"async\" class=\"img-icon\" alt=\"\" src=\"https:\/\/szaboesszalai.hu\/wp-content\/uploads\/2023\/01\/list-icon.svg\" width=\"0\" height=\"0\" title=\"\"><\/div><\/div><div class=\"porto-sicon-body\"><div class=\"porto-sicon-header\"><p>t\u0151keemel\u00e9s, t\u0151kekivon\u00e1s, \u00e1talakul\u00e1sok kivitelez\u00e9se, szindik\u00e1tusi szerz\u0151d\u00e9s,<\/p><\/div> <!-- header --><\/div><\/div><!-- porto-sicon-box --><div class=\"porto-sicon-box custom-list  wpb_custom_1efe903570d178ff0a9b7bfa5febd3a4 style_1 left-icon\"><div class=\"porto-sicon-left\"><div id=\"porto-icon-30292043469f571afcf16a\" class=\"porto-just-icon-wrapper porto-sicon-img\" style=\"\"><img decoding=\"async\" class=\"img-icon\" alt=\"\" src=\"https:\/\/szaboesszalai.hu\/wp-content\/uploads\/2023\/01\/list-icon.svg\" width=\"0\" height=\"0\" title=\"\"><\/div><\/div><div class=\"porto-sicon-body\"><div class=\"porto-sicon-header\"><p>bels\u0151 szab\u00e1lyzatok, partneri szerz\u0151d\u00e9sek kidolgoz\u00e1sa,<\/p><\/div> <!-- header --><\/div><\/div><!-- porto-sicon-box --><div class=\"porto-sicon-box custom-list  wpb_custom_1efe903570d178ff0a9b7bfa5febd3a4 style_1 left-icon\"><div class=\"porto-sicon-left\"><div id=\"porto-icon-64566557969f571afcf553\" class=\"porto-just-icon-wrapper porto-sicon-img\" style=\"\"><img decoding=\"async\" class=\"img-icon\" alt=\"\" src=\"https:\/\/szaboesszalai.hu\/wp-content\/uploads\/2023\/01\/list-icon.svg\" width=\"0\" height=\"0\" title=\"\"><\/div><\/div><div class=\"porto-sicon-body\"><div class=\"porto-sicon-header\"><p>\u00e1lland\u00f3 jogi tan\u00e1csad\u00e1s v\u00e1llalatcsoportok eset\u00e9n,<\/p><\/div> <!-- header --><\/div><\/div><!-- porto-sicon-box --><div class=\"porto-sicon-box custom-list  wpb_custom_1efe903570d178ff0a9b7bfa5febd3a4 style_1 left-icon\"><div class=\"porto-sicon-left\"><div id=\"porto-icon-10637012869f571afcf94b\" class=\"porto-just-icon-wrapper porto-sicon-img\" style=\"\"><img decoding=\"async\" class=\"img-icon\" alt=\"\" src=\"https:\/\/szaboesszalai.hu\/wp-content\/uploads\/2023\/01\/list-icon.svg\" width=\"0\" height=\"0\" title=\"\"><\/div><\/div><div class=\"porto-sicon-body\"><div class=\"porto-sicon-header\"><p>v\u00e1llalati compliance tan\u00e1csad\u00e1s,<\/p><\/div> <!-- header --><\/div><\/div><!-- porto-sicon-box --><div class=\"porto-sicon-box custom-list  wpb_custom_1efe903570d178ff0a9b7bfa5febd3a4 style_1 left-icon\"><div class=\"porto-sicon-left\"><div id=\"porto-icon-49423100569f571afcfd4b\" class=\"porto-just-icon-wrapper porto-sicon-img\" style=\"\"><img decoding=\"async\" class=\"img-icon\" alt=\"\" src=\"https:\/\/szaboesszalai.hu\/wp-content\/uploads\/2023\/01\/list-icon.svg\" width=\"0\" height=\"0\" title=\"\"><\/div><\/div><div class=\"porto-sicon-body\"><div class=\"porto-sicon-header\"><p>jogi \u00e1tvil\u00e1g\u00edt\u00e1sok (due diligence),<\/p><\/div> <!-- header --><\/div><\/div><!-- porto-sicon-box --><div class=\"porto-sicon-box custom-list  wpb_custom_1efe903570d178ff0a9b7bfa5febd3a4 style_1 left-icon\"><div class=\"porto-sicon-left\"><div id=\"porto-icon-46172224769f571afd0131\" class=\"porto-just-icon-wrapper porto-sicon-img\" style=\"\"><img decoding=\"async\" class=\"img-icon\" alt=\"\" src=\"https:\/\/szaboesszalai.hu\/wp-content\/uploads\/2023\/01\/list-icon.svg\" width=\"0\" height=\"0\" title=\"\"><\/div><\/div><div class=\"porto-sicon-body\"><div class=\"porto-sicon-header\"><p>\u00e1ltal\u00e1nos szerz\u0151d\u00e9si felt\u00e9teleket kidolgoz\u00e1sa,<\/p><\/div> <!-- header --><\/div><\/div><!-- porto-sicon-box --><div class=\"porto-sicon-box custom-list  wpb_custom_1efe903570d178ff0a9b7bfa5febd3a4 style_1 left-icon\"><div class=\"porto-sicon-left\"><div id=\"porto-icon-193962842369f571afd0510\" class=\"porto-just-icon-wrapper porto-sicon-img\" style=\"\"><img decoding=\"async\" class=\"img-icon\" alt=\"\" src=\"https:\/\/szaboesszalai.hu\/wp-content\/uploads\/2023\/01\/list-icon.svg\" width=\"0\" height=\"0\" title=\"\"><\/div><\/div><div class=\"porto-sicon-body\"><div class=\"porto-sicon-header\"><p>start-up v\u00e1llalkoz\u00e1sok seg\u00edt\u00e9se p\u00e9nz\u00fcgyi t\u00e1mogat\u00e1ssal,<\/p><\/div> <!-- header --><\/div><\/div><!-- porto-sicon-box --><div class=\"porto-sicon-box custom-list  wpb_custom_1efe903570d178ff0a9b7bfa5febd3a4 style_1 left-icon\"><div class=\"porto-sicon-left\"><div id=\"porto-icon-36684295069f571afd08fc\" class=\"porto-just-icon-wrapper porto-sicon-img\" style=\"\"><img decoding=\"async\" class=\"img-icon\" alt=\"\" src=\"https:\/\/szaboesszalai.hu\/wp-content\/uploads\/2023\/01\/list-icon.svg\" width=\"0\" height=\"0\" title=\"\"><\/div><\/div><div class=\"porto-sicon-body\"><div class=\"porto-sicon-header\"><p>versenyjogi tan\u00e1csad\u00e1s, \u00f6sszefonod\u00e1s bejelent\u00e9s (GVH elj\u00e1r\u00e1s),<\/p><\/div> <!-- header --><\/div><\/div><!-- porto-sicon-box --><div class=\"porto-sicon-box custom-list  wpb_custom_1efe903570d178ff0a9b7bfa5febd3a4 style_1 left-icon\"><div class=\"porto-sicon-left\"><div id=\"porto-icon-78619884069f571afd0cdf\" class=\"porto-just-icon-wrapper porto-sicon-img\" style=\"\"><img decoding=\"async\" class=\"img-icon\" alt=\"\" src=\"https:\/\/szaboesszalai.hu\/wp-content\/uploads\/2023\/01\/list-icon.svg\" width=\"0\" height=\"0\" title=\"\"><\/div><\/div><div class=\"porto-sicon-body\"><div class=\"porto-sicon-header\"><p>t\u00e1rsas\u00e1gi r\u00e9szesed\u00e9sek, \u00fczlet\u00e1gak \u00e9s eszk\u00f6z\u00f6k ad\u00e1sv\u00e9tel\u00e9vel kapcsolatos okiratszerkeszt\u00e9s \u00e9s tan\u00e1csad\u00e1s.<\/p><\/div> <!-- header --><\/div><\/div><!-- porto-sicon-box --><\/div><\/div>[\/vc_column][vc_column section_skin=&#8221;light&#8221; is_sticky=&#8221;yes&#8221; sticky_min_width=&#8221;1224&#8243; sticky_top=&#8221;160&#8243; sticky_bottom=&#8221;0&#8243; el_class=&#8221;mt-5&#8243; conditional_render=&#8221;%5B%7B%22value_role%22%3A%22administrator%22%7D%5D&#8221; offset=&#8221;vc_col-lg-3&#8243;][vc_custom_heading text=&#8221;Our specializations&#8221; font_container=&#8221;tag:p|font_size:17px|text_align:center|line_height:21px&#8221; use_theme_fonts=&#8221;yes&#8221; text_transform=&#8221;text-uppercase&#8221; font_weight=&#8221;700&#8243; skin=&#8221;primary&#8221; letter_spacing=&#8221;1.5px&#8221; animation_duration=&#8221;&#8221; animation_delay=&#8221;&#8221; el_class=&#8221;custom-font1 mb-3&#8243;][vc_wp_custommenu nav_menu=&#8221;34&#8243; el_class=&#8221;szakterulet-widget-menu&#8221;][\/vc_column][\/vc_row][\/vc_section]<\/p>\n<\/div>","protected":false},"excerpt":{"rendered":"<p>[vc_section conditional_render=&#8221;%5B%7B%22value_role%22%3A%22administrator%22%7D%5D&#8221; el_class=&#8221;justify&#8221;][vc_row wrap_container=&#8221;yes&#8221; conditional_render=&#8221;%5B%7B%22value_role%22%3A%22administrator%22%7D%5D&#8221;][vc_column el_class=&#8221;mb-0&#8243; conditional_render=&#8221;%5B%7B%22value_role%22%3A%22administrator%22%7D%5D&#8221; offset=&#8221;vc_col-lg-9&#8243;][vc_custom_heading text=&#8221;The Law Firm has outstanding experience in classic corporate law (drafting of general terms and conditions, mergers, syndicate agreements, share purchase agreements, internal regulations, drafting of legal and financial cooperation agreements with partners, including tax advice), corporate governance, compliance, due diligence, full range of corporate procedures (incorporation, [&hellip;]<\/p>\n","protected":false},"author":1,"featured_media":0,"parent":1388,"menu_order":0,"comment_status":"closed","ping_status":"closed","template":"","meta":{"_acf_changed":false,"footnotes":""},"class_list":["post-1362","page","type-page","status-publish","hentry"],"acf":[],"_links":{"self":[{"href":"https:\/\/szaboesszalai.hu\/en\/wp-json\/wp\/v2\/pages\/1362","targetHints":{"allow":["GET"]}}],"collection":[{"href":"https:\/\/szaboesszalai.hu\/en\/wp-json\/wp\/v2\/pages"}],"about":[{"href":"https:\/\/szaboesszalai.hu\/en\/wp-json\/wp\/v2\/types\/page"}],"author":[{"embeddable":true,"href":"https:\/\/szaboesszalai.hu\/en\/wp-json\/wp\/v2\/users\/1"}],"replies":[{"embeddable":true,"href":"https:\/\/szaboesszalai.hu\/en\/wp-json\/wp\/v2\/comments?post=1362"}],"version-history":[{"count":2,"href":"https:\/\/szaboesszalai.hu\/en\/wp-json\/wp\/v2\/pages\/1362\/revisions"}],"predecessor-version":[{"id":1364,"href":"https:\/\/szaboesszalai.hu\/en\/wp-json\/wp\/v2\/pages\/1362\/revisions\/1364"}],"up":[{"embeddable":true,"href":"https:\/\/szaboesszalai.hu\/en\/wp-json\/wp\/v2\/pages\/1388"}],"wp:attachment":[{"href":"https:\/\/szaboesszalai.hu\/en\/wp-json\/wp\/v2\/media?parent=1362"}],"curies":[{"name":"wp","href":"https:\/\/api.w.org\/{rel}","templated":true}]}}