{"id":1358,"date":"2023-01-10T21:13:42","date_gmt":"2023-01-10T20:13:42","guid":{"rendered":"https:\/\/szaboesszalai.hu\/?page_id=1358"},"modified":"2023-04-22T17:27:32","modified_gmt":"2023-04-22T15:27:32","slug":"civil-litigation-representation-in-court","status":"publish","type":"page","link":"https:\/\/szaboesszalai.hu\/en\/our-specializations\/civil-litigation-representation-in-court\/","title":{"rendered":"Civil litigation, representation in court"},"content":{"rendered":"<div class=\"wpb-content-wrapper\"><p>[vc_section conditional_render=&#8221;%5B%7B%22value_role%22%3A%22administrator%22%7D%5D&#8221; el_class=&#8221;justify&#8221;][vc_row wrap_container=&#8221;yes&#8221; conditional_render=&#8221;%5B%7B%22value_role%22%3A%22administrator%22%7D%5D&#8221;][vc_column el_class=&#8221;mb-0&#8243; conditional_render=&#8221;%5B%7B%22value_role%22%3A%22administrator%22%7D%5D&#8221; offset=&#8221;vc_col-lg-9&#8243;]<div class=\"porto-sicon-box  wpb_custom_4bb1d9e1f086d0fb4039b603961c547a style_1 top-icon\"><div class=\"porto-sicon-header\"><h2 class=\"porto-sicon-title\" style=\"\">The Law Firm Szab\u00f3 and Szalai is a firm specialised in litigation in the field of adversarial proceedings in economic and everyday life disputes (matrimonial, property, breach of contract, in particular defective performance, including warranty, guarantee, employment, enforcement, declaratory judgments), and also represents its Clients in disputes relating to personality rights, protection of possession, administrative matters, press correction, damages and medical malpractice.<\/h2><\/div> <!-- header --><\/div><!-- porto-sicon-box -->[vc_column_text]<span style=\"font-weight: 400;\">We inform our Clients \u2013 whether on the side of the defendant or the plaintiff \u2013 in detail, covering all aspects of the <\/span><b>expected course of the litigation and possible outcomes, the established judicial practice in the given legal issue, the legal costs that may be incurred in the proceedings (expert fees, procedural fees), deadlines, and which party has the burden of proof under the relevant law and to what extent. Finally, we assess whether there is a potential possibility of reaching a settlement, and if so, under what risk factors (willingness and ability to pay, willingness to settle voluntarily), either in lieu of litigation or in order to bring the pending litigation to a successful, final and satisfactory conclusion.<\/b><\/p>\n<p><span style=\"font-weight: 400;\">In order to avoid that a detail which at first sight seems irrelevant becomes decisive, and to ensure that our statements of facts to be proved and our motions for evidence are properly and timely presented, as well as our requests for provisional measures or for ordering the preliminary taking of evidence, where appropriate, <\/span><b>we pay particular attention to reveal the accurate historical facts, the background to the dispute and all the circumstances that may be relevant.<\/b>[\/vc_column_text][vc_custom_heading text=&#8221;Our goal is, by remaining faithful to the professional credo of the Law Firm, to act against the opposing party as quickly, efficiently and \u2013 as far as possible \u2013 cost-effectively as possible, starting from the commencement of the litigation, more precisely from the joint development of the pre-litigation tactics, until the final decision, if necessary going to the highest Hungarian and European Union courts.&#8221; font_container=&#8221;tag:h3|text_align:left&#8221; use_theme_fonts=&#8221;yes&#8221; font_weight=&#8221;700&#8243; animation_duration=&#8221;&#8221; animation_delay=&#8221;&#8221; el_class=&#8221;pb-2 mb-4&#8243;][vc_single_image image=&#8221;1110&#8243; img_size=&#8221;full&#8221; alignment=&#8221;center&#8221;][vc_custom_heading text=&#8221;In the area of civil litigation, the Law Firm focuses on litigation relating to damages and medical malpractice cases.&#8221; font_container=&#8221;tag:h3|text_align:left&#8221; use_theme_fonts=&#8221;yes&#8221; font_weight=&#8221;700&#8243; skin=&#8221;primary&#8221; animation_duration=&#8221;&#8221; animation_delay=&#8221;&#8221; el_class=&#8221;pb-2 mb-4&#8243;][vc_column_text]<span style=\"font-weight: 400;\">In everyday life, there are numerous situations that can give rise to a claim for damages, both in the area of breach of contract (contractual) and non-contractual (tortious) damages. The aim of damages as a civil sanction is to protect the existing property relations, i.e. to create a situation as if the event giving rise to the damage had never occurred. <\/span><b>In any event, bringing a claim for damages before the courts requires a high level of preparation and knowledge.<\/b><\/p>\n<p><span style=\"font-weight: 400;\">Medical malpractice cases are an extremely complex part of the legal profession, given that medical expertise and specialised knowledge are essential in addition to legal representation. <\/span><b>Having regard to that, the Law Firm works with experts with medical qualifications.<\/b>[\/vc_column_text][vc_single_image image=&#8221;1112&#8243; img_size=&#8221;full&#8221; alignment=&#8221;center&#8221;][vc_custom_heading text=&#8221;A munkafolyamat az orvosi dokument\u00e1ci\u00f3 el\u0151zetes \u00e1tvizsg\u00e1l\u00e1s\u00e1val \u00e9s orvosszak\u00e9rt\u0151kkel t\u00f6rt\u00e9n\u0151 konzult\u00e1ci\u00f3val kezd\u0151dik, ily m\u00f3don az \u00dcgyv\u00e9di Iroda el\u0151zetesen k\u00e9pes felm\u00e9rni mind jogi, mind pedig orvosi szempontb\u00f3l az ig\u00e9ny jogoss\u00e1g\u00e1t, ezzel biztos\u00edtva, hogy megalapozottan lehessen a pert megind\u00edtani, megel\u0151zve ezzel a k\u00e1rosultak, betegek, vagy hozz\u00e1tartoz\u00f3ik felesleges kiad\u00e1sait.&#8221; font_container=&#8221;tag:h3|text_align:left&#8221; use_theme_fonts=&#8221;yes&#8221; font_weight=&#8221;700&#8243; animation_duration=&#8221;&#8221; animation_delay=&#8221;&#8221; el_class=&#8221;pb-2 mb-4&#8243;][vc_column_text]Ahogyan a klasszikus k\u00e1rt\u00e9r\u00edt\u00e9si elj\u00e1r\u00e1sokn\u00e1l, \u00fagy az orvosi m\u0171hibaperek eset\u00e9n is, a hosszas peres elj\u00e1r\u00e1s megel\u0151z\u00e9se \u00e9rdek\u00e9ben az \u00dcgyv\u00e9di Iroda t\u00f6rekszik a peren k\u00edv\u00fcli megegyez\u00e9sre, amely az esetek d\u00f6nt\u0151 t\u00f6bbs\u00e9g\u00e9ben az \u00dcgyfeleink sz\u00e1m\u00e1ra eredm\u00e9nnyel z\u00e1rul.[\/vc_column_text][\/vc_column][vc_column section_skin=&#8221;light&#8221; is_sticky=&#8221;yes&#8221; sticky_min_width=&#8221;1224&#8243; sticky_top=&#8221;160&#8243; sticky_bottom=&#8221;0&#8243; el_class=&#8221;mt-5&#8243; conditional_render=&#8221;%5B%7B%22value_role%22%3A%22administrator%22%7D%5D&#8221; offset=&#8221;vc_col-lg-3&#8243;][vc_custom_heading text=&#8221;Our specializations&#8221; font_container=&#8221;tag:p|font_size:17px|text_align:center|line_height:21px&#8221; use_theme_fonts=&#8221;yes&#8221; text_transform=&#8221;text-uppercase&#8221; font_weight=&#8221;700&#8243; skin=&#8221;primary&#8221; letter_spacing=&#8221;1.5px&#8221; animation_duration=&#8221;&#8221; animation_delay=&#8221;&#8221; el_class=&#8221;custom-font1 mb-3&#8243;][vc_wp_custommenu nav_menu=&#8221;34&#8243; el_class=&#8221;szakterulet-widget-menu&#8221;][\/vc_column][\/vc_row][\/vc_section]<\/p>\n<\/div>","protected":false},"excerpt":{"rendered":"<p>[vc_section conditional_render=&#8221;%5B%7B%22value_role%22%3A%22administrator%22%7D%5D&#8221; el_class=&#8221;justify&#8221;][vc_row wrap_container=&#8221;yes&#8221; conditional_render=&#8221;%5B%7B%22value_role%22%3A%22administrator%22%7D%5D&#8221;][vc_column el_class=&#8221;mb-0&#8243; conditional_render=&#8221;%5B%7B%22value_role%22%3A%22administrator%22%7D%5D&#8221; offset=&#8221;vc_col-lg-9&#8243;][vc_column_text]We inform our Clients \u2013 whether on the side of the defendant or the plaintiff \u2013 in detail, covering all aspects of the expected course of the litigation and possible outcomes, the established judicial practice in the given legal issue, the legal costs that may be incurred in [&hellip;]<\/p>\n","protected":false},"author":1,"featured_media":0,"parent":1388,"menu_order":0,"comment_status":"closed","ping_status":"closed","template":"","meta":{"_acf_changed":false,"footnotes":""},"class_list":["post-1358","page","type-page","status-publish","hentry"],"acf":[],"_links":{"self":[{"href":"https:\/\/szaboesszalai.hu\/en\/wp-json\/wp\/v2\/pages\/1358","targetHints":{"allow":["GET"]}}],"collection":[{"href":"https:\/\/szaboesszalai.hu\/en\/wp-json\/wp\/v2\/pages"}],"about":[{"href":"https:\/\/szaboesszalai.hu\/en\/wp-json\/wp\/v2\/types\/page"}],"author":[{"embeddable":true,"href":"https:\/\/szaboesszalai.hu\/en\/wp-json\/wp\/v2\/users\/1"}],"replies":[{"embeddable":true,"href":"https:\/\/szaboesszalai.hu\/en\/wp-json\/wp\/v2\/comments?post=1358"}],"version-history":[{"count":2,"href":"https:\/\/szaboesszalai.hu\/en\/wp-json\/wp\/v2\/pages\/1358\/revisions"}],"predecessor-version":[{"id":1369,"href":"https:\/\/szaboesszalai.hu\/en\/wp-json\/wp\/v2\/pages\/1358\/revisions\/1369"}],"up":[{"embeddable":true,"href":"https:\/\/szaboesszalai.hu\/en\/wp-json\/wp\/v2\/pages\/1388"}],"wp:attachment":[{"href":"https:\/\/szaboesszalai.hu\/en\/wp-json\/wp\/v2\/media?parent=1358"}],"curies":[{"name":"wp","href":"https:\/\/api.w.org\/{rel}","templated":true}]}}