{"id":1339,"date":"2023-01-10T09:16:22","date_gmt":"2023-01-10T08:16:22","guid":{"rendered":"https:\/\/szaboesszalai.hu\/?page_id=1339"},"modified":"2024-09-09T16:17:24","modified_gmt":"2024-09-09T14:17:24","slug":"introduction","status":"publish","type":"page","link":"https:\/\/szaboesszalai.hu\/en\/introduction\/","title":{"rendered":"Introduction"},"content":{"rendered":"<div class=\"wpb-content-wrapper\"><p>[vc_section is_container=&#8221;true&#8221; el_class=&#8221;mb-5 justify&#8221; conditional_render=&#8221;%5B%7B%22value_role%22%3A%22administrator%22%7D%5D&#8221;][vc_row el_class=&#8221;justify-content-center justify-content-lg-start px-0&#8243;][vc_column width=&#8221;5\/6&#8243; animation_delay=&#8221;800&#8243; offset=&#8221;vc_col-md-6&#8243; animation_type=&#8221;fadeInUp&#8221;][vc_single_image image=&#8221;1280&#8243; img_size=&#8221;full&#8221; css=&#8221;&#8221; el_class=&#8221;box-shadow-4 mb-0 custom-img-100&#8243; label=&#8221;&#8221;][\/vc_column][\/vc_row][vc_row el_class=&#8221;justify-content-center justify-content-lg-start custom-negative-margin-top-1 px-0&#8243;][vc_column width=&#8221;5\/6&#8243; animation_delay=&#8221;500&#8243; offset=&#8221;vc_col-md-7&#8243; el_class=&#8221;ms-lg-auto&#8221; animation_type=&#8221;fadeInUp&#8221;]<div class=\"porto-ultimate-content-box-container custom-box-shadow p-5 bg-white\"><style>#porto_ucb_1205{will-change: box-shadow;box-shadow: none;}#porto_ucb_1205:hover{box-shadow:none}<\/style><div class=\"porto-ultimate-content-box\" style=\"\" id=\"porto_ucb_1205\"><div class=\"porto-u-heading mb-4  wpb_custom_90cb057af969978fd612dbd7fa0e546a porto-u-6459 \"><div class=\"porto-u-main-heading\"><h2   style=\"margin-bottom: 30px;\">The philosophy and professional credo of Law Firm Szab\u00f3 and Szalai is quality, credibility and precision.<\/h2><\/div><div class=\"porto-u-sub-heading\" style=\"color: #1d2127;\">We strive to meet the needs of our Clients in the fastest, simplest and most efficient way by providing premium quality service with the utmost discretion.<\/div><style>.porto-u-6459.porto-u-heading{text-align:left}<\/style><\/div>[vc_column_text]We are convinced that building and maintaining a partnership with our Clients is essential for success, so we always plan for the long term, and we strive to provide the widest possible scope of legal services.[\/vc_column_text]<\/div><\/div>[\/vc_column][\/vc_row][vc_row el_class=&#8221;justify-content-center justify-content-lg-start pt-4 mt-5 px-0&#8243;][vc_column width=&#8221;5\/6&#8243; animation_delay=&#8221;800&#8243; offset=&#8221;vc_col-md-6&#8243; animation_type=&#8221;fadeInUp&#8221; el_class=&#8221;ms-lg-auto&#8221;][vc_single_image image=&#8221;1112&#8243; img_size=&#8221;full&#8221; el_class=&#8221;box-shadow-4 mb-0 custom-img-100&#8243;][\/vc_column][\/vc_row][vc_row el_class=&#8221;justify-content-center justify-content-lg-start custom-negative-margin-top-1 pb-4 mb-5 px-0&#8243;][vc_column width=&#8221;5\/6&#8243; animation_delay=&#8221;500&#8243; offset=&#8221;vc_col-md-7&#8243; animation_type=&#8221;fadeInUp&#8221;]<div class=\"porto-ultimate-content-box-container custom-box-shadow p-5 bg-white\"><style>#porto_ucb_4381{will-change: box-shadow;box-shadow: none;}#porto_ucb_4381:hover{box-shadow:none}<\/style><div class=\"porto-ultimate-content-box\" style=\"\" id=\"porto_ucb_4381\"><div class=\"porto-u-heading mb-4  wpb_custom_90cb057af969978fd612dbd7fa0e546a porto-u-4887 \"><div class=\"porto-u-main-heading\"><h2   style=\"margin-bottom: 30px;\">Our education, training, professional dedication and experience in a wide range of legal fields have given us the ability to provide support in the law.<\/h2><\/div><style>.porto-u-4887.porto-u-heading{text-align:left}<\/style><\/div>[vc_column_text]<span style=\"font-weight: 400;\">In the practice of our profession, <\/span><b>respecting the principles of perfectionism, professionalism, mutual trust and customer focus<\/b><span style=\"font-weight: 400;\">, our aim is to use our proactive approach and expertise to promote the legal, economic and financial interests of our Clients, and to <\/span><b>create successful solutions in all areas of life<\/b><span style=\"font-weight: 400;\">, by developing a strategy that is tailored to their needs.<\/span>[\/vc_column_text]<\/div><\/div>[\/vc_column][\/vc_row][\/vc_section][vc_section el_class=&#8221;container-sm&#8221; conditional_render=&#8221;%5B%7B%22value_role%22%3A%22administrator%22%7D%5D&#8221;][vc_row wrap_container=&#8221;yes&#8221; conditional_render=&#8221;%5B%7B%22value_role%22%3A%22administrator%22%7D%5D&#8221;][vc_column][vc_custom_heading text=&#8221;The lawyers of the Law Firm Szab\u00f3 and Szalai have up-to-date, in-depth and complex legal knowledge, extensive and wide-ranging professional expertise, as well as a flexible and dynamic, yet traditional, way of thinking, which enables us to provide legal services to individuals, companies and businesses, covering a very broad spectrum of law.&#8221; font_container=&#8221;tag:h3|text_align:center&#8221; use_theme_fonts=&#8221;yes&#8221; font_weight=&#8221;500&#8243; skin=&#8221;primary&#8221; animation_duration=&#8221;&#8221; animation_delay=&#8221;&#8221; el_class=&#8221;pb-2 mb-4&#8243;][\/vc_column][\/vc_row][\/vc_section][vc_section is_container=&#8221;true&#8221; el_class=&#8221;py-4 my-5 justify&#8221; conditional_render=&#8221;%5B%7B%22value_role%22%3A%22administrator%22%7D%5D&#8221;][vc_row el_class=&#8221;justify-content-center justify-content-lg-start px-0&#8243;][vc_column width=&#8221;5\/6&#8243; animation_delay=&#8221;800&#8243; offset=&#8221;vc_col-md-6&#8243; animation_type=&#8221;fadeInUp&#8221;][vc_single_image image=&#8221;1111&#8243; img_size=&#8221;full&#8221; el_class=&#8221;box-shadow-4 mb-0 custom-img-100&#8243;][\/vc_column][\/vc_row][vc_row el_class=&#8221;justify-content-center justify-content-lg-start custom-negative-margin-top-1 px-0&#8243;][vc_column width=&#8221;5\/6&#8243; animation_delay=&#8221;500&#8243; offset=&#8221;vc_col-md-7&#8243; el_class=&#8221;ms-lg-auto&#8221; animation_type=&#8221;fadeInUp&#8221;]<div class=\"porto-ultimate-content-box-container custom-box-shadow p-5 bg-white\"><style>#porto_ucb_2257{will-change: box-shadow;box-shadow: none;}#porto_ucb_2257:hover{box-shadow:none}<\/style><div class=\"porto-ultimate-content-box\" style=\"\" id=\"porto_ucb_2257\"><div class=\"porto-u-heading mb-4  wpb_custom_90cb057af969978fd612dbd7fa0e546a porto-u-7807 \"><div class=\"porto-u-main-heading\"><h2   style=\"margin-bottom: 30px;\">The main profile of the Law Firm Szab\u00f3 and Szalai is civil law, in particular real estate law, company law, family law, contract law, including litigation, non-contentious law, such as liquidation, debt settlement and debt collection, and finally, with special emphasis, criminal law.<\/h2><\/div><style>.porto-u-7807.porto-u-heading{text-align:left}<\/style><\/div>[vc_column_text]The founding members are Dr. Zsolt Tibor Szab\u00f3 and Dr. P\u00e9ter Szalai T.<br \/>\nThe Law Firm Szab\u00f3 and Szalai has a continuous and long-lasting cooperation with dr. \u00c1d\u00e1m D\u00e1vid Nagy LL.M., individual attorney-at-law.<br \/>\nOur Law Firm works in Hungarian, English and Italian.[\/vc_column_text]<\/div><\/div>[\/vc_column][\/vc_row][\/vc_section][vc_section css=&#8221;.vc_custom_1673472892431{padding-top: 50px !important;padding-bottom: 50px !important;}&#8221; conditional_render=&#8221;%5B%7B%22value_role%22%3A%22administrator%22%7D%5D&#8221;][vc_row][vc_column][vc_btn title=&#8221;Download introduction (.pdf)&#8221; shape=&#8221;rounded&#8221; align=&#8221;center&#8221; skin=&#8221;secondary&#8221; animation_duration=&#8221;&#8221; animation_delay=&#8221;&#8221; link=&#8221;url:https%3A%2F%2Fszaboesszalai.hu%2Fwp-content%2Fuploads%2F2023%2F04%2Fszabo-es-szalai-introduction.pdf|target:_blank&#8221; el_class=&#8221;btn-kszsz mb-0&#8243;][\/vc_column][\/vc_row][\/vc_section][vc_section full_width=&#8221;stretch_row_content&#8221; css=&#8221;.vc_custom_1682175672338{padding-top: 50px !important;padding-bottom: 50px !important;}&#8221; conditional_render=&#8221;%5B%7B%22value_role%22%3A%22administrator%22%7D%5D&#8221;][vc_row][vc_column]<div class=\"porto-block\" data-id=\"1317\"><style>.vc_custom_1682097917037{padding-top: 20px !important;padding-right: 20px !important;padding-bottom: 20px !important;padding-left: 20px !important;}.vc_custom_1682097925171{padding-top: 20px !important;padding-right: 20px !important;padding-bottom: 20px !important;padding-left: 20px !important;}.wpb_custom_90cb057af969978fd612dbd7fa0e546a.porto-u-heading .porto-u-main-heading > *{font-weight:600;}.wpb_custom_90cb057af969978fd612dbd7fa0e546a .porto-u-sub-heading{font-family:Lora;font-weight:500;letter-spacing:-1px;line-height:26px;text-transform:none;font-size:20px;}.wpb_custom_c12730bd432167117c815c181d3abcfd.porto-u-heading .porto-u-main-heading > *{font-weight:600;font-size:26px;}.wpb_custom_c12730bd432167117c815c181d3abcfd .porto-u-sub-heading{font-family:Lora;font-weight:600;letter-spacing:-1px;line-height:26px;text-transform:none;font-size:18px;}.wpb_custom_f82932f42eb9899a1340f1d0fa787386.porto-sicon-mobile{--porto-infobox-mpos-align: center;}.max-w-1600 {\r\n    max-width: 1600px;\r\n}<\/style>[vc_section conditional_render=\"%5B%7B%22value_role%22%3A%22administrator%22%7D%5D\"][vc_row wrap_container=\"yes\" conditional_render=\"%5B%7B%22value_role%22%3A%22administrator%22%7D%5D\"][vc_column][vc_custom_heading text=\"MEMBERS OF OUR LAW FIRM\" font_container=\"tag:p|font_size:17px|text_align:center|line_height:21px\" use_theme_fonts=\"yes\" text_transform=\"text-uppercase\" font_weight=\"700\" skin=\"primary\" letter_spacing=\"1.5px\" animation_duration=\"\" animation_delay=\"\" el_class=\"custom-font1 mb-3\"]<div class=\"porto-u-heading mb-5  wpb_custom_90cb057af969978fd612dbd7fa0e546a porto-u-2399 \"><div class=\"porto-u-main-heading\"><h2   style=\"margin-bottom: 30px;\">Get to know the lawyers of our law Firm!<\/h2><\/div><style>.porto-u-2399.porto-u-heading{text-align:center}<\/style><\/div>[\/vc_column][\/vc_row][vc_row el_class=\"max-w-1600 mx-auto\" conditional_render=\"%5B%7B%22value_role%22%3A%22administrator%22%7D%5D\"][vc_column width=\"1\/2\"]<div class=\"porto-ultimate-content-box-container custom-box custom-box-shadow br-primary mb-5\"><div class=\"porto-ultimate-content-box vc_custom_1682097917037\" style=\"min-height:350px;\" id=\"porto_ucb_2160\">[vc_row_inner content_placement=\"middle\" el_class=\"mb-0\"][vc_column_inner el_class=\"mb-0\" offset=\"vc_col-md-4\"][vc_single_image image=\"1799\" img_size=\"full\" alignment=\"center\" css=\"\" hover_effect=\"yes\" el_class=\"mb-0\" label=\"\"][\/vc_column_inner][vc_column_inner el_class=\"mb-0\" offset=\"vc_col-md-8\"]<div class=\"porto-u-heading mt-3 mb-4  wpb_custom_c12730bd432167117c815c181d3abcfd porto-u-2196 \"><div class=\"porto-u-main-heading\"><h2   style=\"margin-bottom: 10px;\">Dr. Szab\u00f3 Zsolt Tibor<\/h2><\/div><div class=\"porto-u-sub-heading\" style=\"color: #b97d39;margin-bottom:10px;\">lawyer, economic criminal law specialist<\/div><style>.porto-u-2196.porto-u-heading{text-align:left}<\/style><\/div><a class=\"porto-sicon-box-link\" href=\"tel:+36308945280\"><div class=\"porto-sicon-box mb-2  wpb_custom_f82932f42eb9899a1340f1d0fa787386 style_1 default-icon\"><div class=\"porto-sicon-default\"><div class=\"porto-just-icon-wrapper porto-icon none\" style=\"font-size:20px;\"><i class=\"fas fa-phone\"><\/i><\/div><\/div><div class=\"porto-sicon-header\"><p>\u202d+36 30 894 5280\u202c<\/p><\/div> <!-- header --><\/div><!-- porto-sicon-box --><\/a><a class=\"porto-sicon-box-link\" href=\"mailto:zsolt.szabo@szaboesszalai.hu\"><div class=\"porto-sicon-box mb-4  wpb_custom_f82932f42eb9899a1340f1d0fa787386 style_1 default-icon\"><div class=\"porto-sicon-default\"><div class=\"porto-just-icon-wrapper porto-icon none\" style=\"font-size:20px;\"><i class=\"fas fa-envelope\"><\/i><\/div><\/div><div class=\"porto-sicon-header\"><p>zsolt.szabo@szaboesszalai.hu<\/p><\/div> <!-- header --><\/div><!-- porto-sicon-box --><\/a>[vc_btn title=\"Introduction\" shape=\"rounded\" align=\"left\" skin=\"secondary\" animation_duration=\"\" animation_delay=\"\" el_class=\"btn-kszsz mb-3\" link=\"url:https%3A%2F%2Fszaboesszalai.hu%2Fen%2Flawyer%2Fdr-zsolt-tibor-szabo%2F|title:Dr.%20Zsolt%20Tibor%20Szab%C3%B3\"][\/vc_column_inner][\/vc_row_inner]<\/div><\/div>[\/vc_column][vc_column width=\"1\/2\"]<div class=\"porto-ultimate-content-box-container custom-box custom-box-shadow br-primary mb-5\"><div class=\"porto-ultimate-content-box vc_custom_1682097925171\" style=\"min-height:350px;\" id=\"porto_ucb_2669\">[vc_row_inner content_placement=\"middle\" el_class=\"mb-0\"][vc_column_inner el_class=\"mb-0\" offset=\"vc_col-md-4\"][vc_single_image image=\"723\" img_size=\"full\" alignment=\"center\" hover_effect=\"yes\" el_class=\"mb-0\"][\/vc_column_inner][vc_column_inner el_class=\"mb-0\" offset=\"vc_col-md-8\"]<div class=\"porto-u-heading mt-3 mb-4  wpb_custom_c12730bd432167117c815c181d3abcfd porto-u-3440 \"><div class=\"porto-u-main-heading\"><h2   style=\"margin-bottom: 10px;\">Dr. Szalai P\u00e9ter<\/h2><\/div><div class=\"porto-u-sub-heading\" style=\"color: #b97d39;margin-bottom:10px;\">lawyer<\/div><style>.porto-u-3440.porto-u-heading{text-align:left}<\/style><\/div><a class=\"porto-sicon-box-link\" href=\"tel:+36305784488\"><div class=\"porto-sicon-box mb-2  wpb_custom_f82932f42eb9899a1340f1d0fa787386 style_1 default-icon\"><div class=\"porto-sicon-default\"><div class=\"porto-just-icon-wrapper porto-icon none\" style=\"font-size:20px;\"><i class=\"fas fa-phone\"><\/i><\/div><\/div><div class=\"porto-sicon-header\"><p>+36 30 578 4488<\/p><\/div> <!-- header --><\/div><!-- porto-sicon-box --><\/a><a class=\"porto-sicon-box-link\" href=\"mailto:peter.szalai@szaboesszalai.hu\"><div class=\"porto-sicon-box mb-4  wpb_custom_f82932f42eb9899a1340f1d0fa787386 style_1 default-icon\"><div class=\"porto-sicon-default\"><div class=\"porto-just-icon-wrapper porto-icon none\" style=\"font-size:20px;\"><i class=\"fas fa-envelope\"><\/i><\/div><\/div><div class=\"porto-sicon-header\"><p>peter.szalai@szaboesszalai.hu<\/p><\/div> <!-- header --><\/div><!-- porto-sicon-box --><\/a>[vc_btn title=\"Introduction\" shape=\"rounded\" align=\"left\" skin=\"secondary\" animation_duration=\"\" animation_delay=\"\" el_class=\"btn-kszsz mb-3\" link=\"url:https%3A%2F%2Fszaboesszalai.hu%2Fen%2Flawyer%2Fdr-peter-szalai%2F|title:Dr.%20P%C3%A9ter%20Szalai\"][\/vc_column_inner][\/vc_row_inner]<\/div><\/div>[\/vc_column][\/vc_row][\/vc_section]<\/div>[\/vc_column][\/vc_row][\/vc_section]<\/p>\n<\/div>","protected":false},"excerpt":{"rendered":"<p>[vc_section is_container=&#8221;true&#8221; el_class=&#8221;mb-5 justify&#8221; conditional_render=&#8221;%5B%7B%22value_role%22%3A%22administrator%22%7D%5D&#8221;][vc_row el_class=&#8221;justify-content-center justify-content-lg-start px-0&#8243;][vc_column width=&#8221;5\/6&#8243; animation_delay=&#8221;800&#8243; offset=&#8221;vc_col-md-6&#8243; animation_type=&#8221;fadeInUp&#8221;][vc_single_image image=&#8221;1280&#8243; img_size=&#8221;full&#8221; css=&#8221;&#8221; el_class=&#8221;box-shadow-4 mb-0 custom-img-100&#8243; label=&#8221;&#8221;][\/vc_column][\/vc_row][vc_row el_class=&#8221;justify-content-center justify-content-lg-start custom-negative-margin-top-1 px-0&#8243;][vc_column width=&#8221;5\/6&#8243; animation_delay=&#8221;500&#8243; offset=&#8221;vc_col-md-7&#8243; el_class=&#8221;ms-lg-auto&#8221; animation_type=&#8221;fadeInUp&#8221;][\/vc_column][\/vc_row][vc_row el_class=&#8221;justify-content-center justify-content-lg-start pt-4 mt-5 px-0&#8243;][vc_column width=&#8221;5\/6&#8243; animation_delay=&#8221;800&#8243; offset=&#8221;vc_col-md-6&#8243; animation_type=&#8221;fadeInUp&#8221; el_class=&#8221;ms-lg-auto&#8221;][vc_single_image image=&#8221;1112&#8243; img_size=&#8221;full&#8221; el_class=&#8221;box-shadow-4 mb-0 custom-img-100&#8243;][\/vc_column][\/vc_row][vc_row el_class=&#8221;justify-content-center justify-content-lg-start custom-negative-margin-top-1 pb-4 mb-5 px-0&#8243;][vc_column width=&#8221;5\/6&#8243; animation_delay=&#8221;500&#8243; offset=&#8221;vc_col-md-7&#8243; animation_type=&#8221;fadeInUp&#8221;][\/vc_column][\/vc_row][\/vc_section][vc_section el_class=&#8221;container-sm&#8221; conditional_render=&#8221;%5B%7B%22value_role%22%3A%22administrator%22%7D%5D&#8221;][vc_row [&hellip;]<\/p>\n","protected":false},"author":1,"featured_media":0,"parent":0,"menu_order":0,"comment_status":"closed","ping_status":"closed","template":"","meta":{"_acf_changed":false,"footnotes":""},"class_list":["post-1339","page","type-page","status-publish","hentry"],"acf":[],"_links":{"self":[{"href":"https:\/\/szaboesszalai.hu\/en\/wp-json\/wp\/v2\/pages\/1339","targetHints":{"allow":["GET"]}}],"collection":[{"href":"https:\/\/szaboesszalai.hu\/en\/wp-json\/wp\/v2\/pages"}],"about":[{"href":"https:\/\/szaboesszalai.hu\/en\/wp-json\/wp\/v2\/types\/page"}],"author":[{"embeddable":true,"href":"https:\/\/szaboesszalai.hu\/en\/wp-json\/wp\/v2\/users\/1"}],"replies":[{"embeddable":true,"href":"https:\/\/szaboesszalai.hu\/en\/wp-json\/wp\/v2\/comments?post=1339"}],"version-history":[{"count":6,"href":"https:\/\/szaboesszalai.hu\/en\/wp-json\/wp\/v2\/pages\/1339\/revisions"}],"predecessor-version":[{"id":1820,"href":"https:\/\/szaboesszalai.hu\/en\/wp-json\/wp\/v2\/pages\/1339\/revisions\/1820"}],"wp:attachment":[{"href":"https:\/\/szaboesszalai.hu\/en\/wp-json\/wp\/v2\/media?parent=1339"}],"curies":[{"name":"wp","href":"https:\/\/api.w.org\/{rel}","templated":true}]}}